{"id":2,"date":"2025-09-03T19:12:35","date_gmt":"2025-09-03T22:12:35","guid":{"rendered":"http:\/\/jornalagoraparana.com.br\/site\/?page_id=2"},"modified":"2025-09-03T19:36:05","modified_gmt":"2025-09-03T22:36:05","slug":"contato","status":"publish","type":"page","link":"https:\/\/jornalagoraparana.com.br\/site\/?page_id=2","title":{"rendered":"CONTATO"},"content":{"rendered":"\n<p>O Jornal Agora Paran\u00e1 nasce com a finalidade para que not\u00edcias chegue a que realmente interessa, ao povo do Estado. <br>N\u00e3o temos linha editorial pol\u00edtica em favor de nenhum grupo. Nossa proposta \u00e9 dar vaz\u00e3o \u00e0s not\u00edcias que informem com isonomia e tornem o dia a dia do paranaense cada vez melhor.<\/p>\n\n\n\n<p>:<\/p>\n\n\n\n<blockquote class=\"wp-block-quote is-layout-flow wp-block-quote-is-layout-flow\">\n<p>Ol\u00e1! Eu sou um mensageiro de bicicleta durante o dia, ator aspirante \u00e0 noite, e este \u00e9 o meu site. Eu moro em S\u00e3o Paulo, tenho um grande cachorro chamado Rex e gosto de tomar caipirinha (e banhos de chuva).<\/p>\n<\/blockquote>\n\n\n\n<p>&#8230;ou alguma coisa assim:<\/p>\n\n\n\n<blockquote class=\"wp-block-quote is-layout-flow wp-block-quote-is-layout-flow\">\n<p>A Companhia de Miniaturas XYZ foi fundada em 1971, e desde ent\u00e3o tem fornecido miniaturas de qualidade ao p\u00fablico. Localizada na cidade de Itu, a XYZ emprega mais de 2.000 pessoas e faz coisas grandiosas para a comunidade da cidade.<\/p>\n<\/blockquote>\n\n\n\n<p>Como um novo usu\u00e1rio do WordPress, voc\u00ea deveria ir ao <a href=\"http:\/\/jornalagoraparana.com.br\/site\/wp-admin\/\">painel<\/a> para excluir essa p\u00e1gina e criar novas p\u00e1ginas para o seu conte\u00fado. Divirta-se!<\/p>\n","protected":false},"excerpt":{"rendered":"<p>O Jornal Agora Paran\u00e1 nasce com a finalidade para que not\u00edcias chegue a que realmente interessa, ao povo do Estado.<\/p>\n","protected":false},"author":1,"featured_media":0,"parent":0,"menu_order":0,"comment_status":"closed","ping_status":"closed","template":"","meta":{"footnotes":""},"class_list":["post-2","page","type-page","status-publish","hentry"],"_links":{"self":[{"href":"https:\/\/jornalagoraparana.com.br\/site\/index.php?rest_route=\/wp\/v2\/pages\/2","targetHints":{"allow":["GET"]}}],"collection":[{"href":"https:\/\/jornalagoraparana.com.br\/site\/index.php?rest_route=\/wp\/v2\/pages"}],"about":[{"href":"https:\/\/jornalagoraparana.com.br\/site\/index.php?rest_route=\/wp\/v2\/types\/page"}],"author":[{"embeddable":true,"href":"https:\/\/jornalagoraparana.com.br\/site\/index.php?rest_route=\/wp\/v2\/users\/1"}],"replies":[{"embeddable":true,"href":"https:\/\/jornalagoraparana.com.br\/site\/index.php?rest_route=%2Fwp%2Fv2%2Fcomments&post=2"}],"version-history":[{"count":3,"href":"https:\/\/jornalagoraparana.com.br\/site\/index.php?rest_route=\/wp\/v2\/pages\/2\/revisions"}],"predecessor-version":[{"id":27,"href":"https:\/\/jornalagoraparana.com.br\/site\/index.php?rest_route=\/wp\/v2\/pages\/2\/revisions\/27"}],"wp:attachment":[{"href":"https:\/\/jornalagoraparana.com.br\/site\/index.php?rest_route=%2Fwp%2Fv2%2Fmedia&parent=2"}],"curies":[{"name":"wp","href":"https:\/\/api.w.org\/{rel}","templated":true}]}}